{"id":3,"date":"2026-04-02T09:45:54","date_gmt":"2026-04-02T09:45:54","guid":{"rendered":"http:\/\/ayua.lt\/?page_id=3"},"modified":"2026-04-04T15:56:39","modified_gmt":"2026-04-04T15:56:39","slug":"privacy-policy","status":"publish","type":"page","link":"https:\/\/ayua.lt\/lt\/privacy-policy\/","title":{"rendered":"Privatumo politika"},"content":{"rendered":"\n<h1 class=\"wp-block-heading\"><strong>AYU\u00c4 Privatumo politika<\/strong><\/h1>\n\n\n\n<p>Paskutin\u012f kart\u0105 atnaujinta: 2025 m. gruodis 11 d.<\/p>\n\n\n\n<p>AYU\u00c4 valdo \u0161i\u0105 parduotuv\u0119 ir svetain\u0119, \u012fskaitant vis\u0105 susijusi\u0105 informacij\u0105, turin\u012f, funkcijas, \u012frankius, produktus ir paslaugas, kad jums, klientui, b\u016bt\u0173 suteikta kruop\u0161\u010diai pri\u017ei\u016brima apsipirkimo patirtis (toliau \u2013 Paslaugos).AYU\u00c4 veikia su \u201eShopify\u201c, kuri leid\u017eia mums teikti jums Paslaugas. \u0160ioje Privatumo politikoje apra\u0161oma, kaip mes renkame, naudojame ir atskleid\u017eiame j\u016bs\u0173 asmens duomenis kai lankot\u0117s, naudojat\u0117s, atliekate pirkim\u0105 ar kit\u0105 operacij\u0105 naudodamiesi Paslaugomis arba kitaip su mumis susisiekiate. Jei egzistuoja m\u016bs\u0173 Paslaug\u0173 teikimo s\u0105lyg\u0173 ir \u0161ios Privatumo politikos prie\u0161taravim\u0173, j\u016bs\u0173 asmens duomen\u0173 rinkimui, tvarkymui ir atskleidimui taikoma \u0161i Privatumo politika.<\/p>\n\n\n\n<p>Atid\u017eiai perskaitykite \u0161i\u0105 Privatumo politik\u0105. Naudodamiesi ir gaudami prieig\u0105 prie bet kuri\u0173 Paslaug\u0173, j\u016bs patvirtinate, kad perskait\u0117te \u0161i\u0105 Privatumo politik\u0105, ir suprantate, kaip j\u016bs\u0173 informacija renkama, naudojama ir atskleid\u017eiama taip, kaip apra\u0161yta \u0161ioje Privatumo politikoje.<\/p>\n\n\n\n<h2 class=\"wp-block-heading\">Asmens duomenys, kuriuos renkame arba tvarkome<\/h2>\n\n\n\n<p>Kai vartojame termin\u0105 \u201easmens duomenys\u201c, turime omenyje informacij\u0105, kuri leid\u017eia nustatyti j\u016bs\u0173 ar kito asmens tapatyb\u0119 arba gali b\u016bti pagr\u012fstai susieta su jumis ar kitu asmeniu. Asmens duomenys neapima anonimi\u0161kai surinktos informacijos arba tokios informacijos, kuri buvo nuasmeninta taip, kad neb\u016bt\u0173 galima nustatyti j\u016bs\u0173 tapatyb\u0117s ar pagr\u012fstai susieti informacij\u0105 su jumis. Priklausomai nuo to, kaip j\u016bs naudojat\u0117s Paslaugomis, kur gyvenate ir kiek leid\u017eia arba reikalauja galiojantys \u012fstatymai, galime rinkti arba tvarkyti \u0161i\u0173 kategorij\u0173 asmens duomenis, \u012fskaitant \u0161i\u0173 asmens duomen\u0173 i\u0161vedinius:<\/p>\n\n\n\n<ul class=\"wp-block-list\">\n<li><strong>Kontaktin\u0117 informacija<\/strong>&nbsp;\u012fskaitant j\u016bs\u0173 vard\u0105, pavard\u0119, adres\u0105, atsiskaitymo adres\u0105, pristatymo adres\u0105, telefono numer\u012f ir el. pa\u0161to adres\u0105.<\/li>\n\n\n\n<li><strong>Finansin\u0117 informacija<\/strong>&nbsp;\u012fskaitant kredito kortel\u0117s, debeto kortel\u0117s ir finansin\u0117s s\u0105skaitos numerius, mok\u0117jimo kortel\u0117s informacij\u0105, finansin\u0117s s\u0105skaitos informacij\u0105, operacijos informacij\u0105, mok\u0117jimo b\u016bd\u0105, mok\u0117jimo patvirtinim\u0105 ir kit\u0105 mok\u0117jimo informacij\u0105.<\/li>\n\n\n\n<li><strong>Paskyros informacija<\/strong>&nbsp;\u012fskaitant j\u016bs\u0173 vartotojo vard\u0105, slapta\u017eod\u012f, saugos klausimus, nuostatas ir nustatymus.<\/li>\n\n\n\n<li><strong>Operacijos informacija<\/strong>&nbsp;\u012fskaitant prekes, kurias per\u017ei\u016brite, \u012fdedate \u012f krep\u0161el\u012f, \u012ftraukiate \u012f pageidavim\u0173 s\u0105ra\u0161\u0105 arba perkate, gr\u0105\u017einate, kei\u010diate ar at\u0161aukiate, ir ankstesnes j\u016bs\u0173 operacijas.<\/li>\n\n\n\n<li><strong>Bendravimas su mumis<\/strong>&nbsp;\u012fskaitant informacij\u0105, kuri\u0105 pateikiate bendraudami su mumis, pavyzd\u017eiui, si\u0173sdami u\u017eklaus\u0105 klient\u0173 aptarnavimo komandai.<\/li>\n\n\n\n<li><strong>\u012erenginio informacija<\/strong>&nbsp;\u012fskaitant informacij\u0105 apie j\u016bs\u0173 \u012frengin\u012f, nar\u0161ykl\u0119 ar tinklo ry\u0161\u012f, j\u016bs\u0173 IP adres\u0105 ir kitus unikalius identifikatorius.<\/li>\n\n\n\n<li><strong>Naudojimo informacija<\/strong>&nbsp;\u012fskaitant informacij\u0105 apie j\u016bs\u0173 s\u0105veik\u0105 su Paslaugomis, \u012fskaitant tai, kaip ir kada j\u016bs s\u0105veikaujate su Paslaugomis arba jose nar\u0161ote.<\/li>\n\n\n\n<li><strong>Elektronin\u0117je parduotuv\u0117j\u0117 apmok\u0117jimai apdorojami naudojantis makecommerce.lt platforma, kurios valdytojas Maksekeskus AS (Liivalaia 45, Talinas 10145, Estija, reg nr.:122684750), tod\u0117l j\u016bs\u0173 asmenin\u0117 informacija, reikalinga mok\u0117jimo \u012fvykdymui ir patvirtinimui, bus perduodama Maksekeskus AS.&#8221;<\/strong><\/li>\n<\/ul>\n\n\n\n<h2 class=\"wp-block-heading\">Asmens duomen\u0173 \u0161altiniai<\/h2>\n\n\n\n<p>Asmens duomenis galime rinkti i\u0161 \u0161i\u0173 \u0161altini\u0173:<\/p>\n\n\n\n<ul class=\"wp-block-list\">\n<li><strong>Tiesiai i\u0161 j\u016bs\u0173<\/strong>&nbsp;\u012fskaitant atvejus, kai kuriate paskyr\u0105, lankot\u0117s ar naudojat\u0117s Paslaugomis, bendraujate su mumis arba kitaip pateikiate mums savo asmens duomenis;<\/li>\n\n\n\n<li><strong>Automati\u0161kai per Paslaugas<\/strong>&nbsp;\u012fskaitant i\u0161 j\u016bs\u0173 \u012frenginio, kai naudojat\u0117s m\u016bs\u0173 produktais ar paslaugomis arba lankot\u0117s m\u016bs\u0173 svetain\u0117se, ir naudodami slapukus bei pana\u0161ias technologijas;<\/li>\n\n\n\n<li><strong>I\u0161 m\u016bs\u0173 paslaug\u0173 teik\u0117j\u0173<\/strong>&nbsp;\u012fskaitant atvejus, kai tokius tiek\u0117jus pasitelkiame tam, kad b\u016bt\u0173 galima naudoti tam tikras technologijas, ir kai jie renka arba tvarko j\u016bs\u0173 asmens duomenis m\u016bs\u0173 vardu;<\/li>\n\n\n\n<li><strong>I\u0161 m\u016bs\u0173 partneri\u0173 ar kit\u0173 tre\u010di\u0173j\u0173 \u0161ali\u0173.<\/strong><\/li>\n<\/ul>\n\n\n\n<h2 class=\"wp-block-heading\">Kaip mes naudojame j\u016bs\u0173 asmens duomenis<\/h2>\n\n\n\n<p>Priklausomai nuo to, kaip j\u016bs su mumis bendraujate arba kuriomis Paslaugomis naudojat\u0117s, mes galime naudoti asmens duomenis \u0161iais tikslais:<\/p>\n\n\n\n<ul class=\"wp-block-list\">\n<li><strong>Teikti, suasmeninti ir tobulinti paslaugas.<\/strong>&nbsp;J\u016bs\u0173 asmens duomenis naudojame tam, kad teiktume jums Paslaugas, \u012fskaitant m\u016bs\u0173 sutarties su jumis vykdym\u0105, j\u016bs\u0173 mok\u0117jim\u0173, u\u017esakym\u0173 vykdym\u0105, j\u016bs\u0173 pageidavim\u0173 ir jus dominan\u010di\u0173 preki\u0173 \u012fsiminim\u0105, su j\u016bs\u0173 paskyra susijusi\u0173 prane\u0161im\u0173 siuntim\u0105, pirkim\u0173, gr\u0105\u017einim\u0173, keitim\u0173 ar kit\u0173 operacij\u0173 atlikim\u0105, j\u016bs\u0173 paskyros k\u016brim\u0105, tvarkym\u0105 ir kitok\u012f valdym\u0105, siuntimo organizavim\u0105, gr\u0105\u017einim\u0173 ir keitim\u0173 palengvinim\u0105, galimyb\u0117s skelbti atsiliepimus suteikim\u0105 ir jums pritaikytos apsipirkimo patirties k\u016brim\u0105, pvz., su j\u016bs\u0173 pirkiniais susijusi\u0173 produkt\u0173 rekomendacij\u0173 teikim\u0105. Tai gali apimti j\u016bs\u0173 asmens duomen\u0173 naudojim\u0105 siekiant geriau suasmeninti ir tobulinti Paslaugas.<\/li>\n\n\n\n<li><strong>Rinkodara ir reklama.<\/strong>&nbsp;J\u016bs\u0173 asmens duomenis naudojame rinkodaros ir reklamos tikslais, pavyzd\u017eiui, si\u0173sdami rinkodaros, reklamos ir akcij\u0173 prane\u0161imus el. pa\u0161tu, tekstin\u0117mis \u017einut\u0117mis arba pa\u0161tu, ir rodydami jums internetin\u0119 produkt\u0173 ar paslaug\u0173 reklam\u0105 Paslaugose ar kitose svetain\u0117se, \u012fskaitant reklam\u0105 pagal anks\u010diau \u012fsigytas ar \u012f krep\u0161el\u012f \u012ftrauktas prekes ir kit\u0105 veikl\u0105 Paslaugose.<\/li>\n\n\n\n<li><strong>Saugumas ir suk\u010diavimo prevencija.<\/strong>&nbsp;J\u016bs\u0173 asmens duomenis naudojame j\u016bs\u0173 paskyros autentifikavimui, saugios mok\u0117jimo ir apsipirkimo patirties u\u017etikrinimui, galimai nes\u0105\u017einingos, neteis\u0117tos, nesaugios ar kenk\u0117ji\u0161kos veiklos aptikimui, tyrimui ar reagavimui \u012f toki\u0105 veikl\u0105, visuomen\u0117s ir savo paslaug\u0173 saugumui u\u017etikrinti. Jei nuspr\u0119site naudotis Paslaugomis ir u\u017eregistruoti paskyr\u0105, prisiimsite atsakomyb\u0119 u\u017e savo paskyros duomen\u0173 saugum\u0105. Primygtinai rekomenduojame nesidalinti savo vartotojo vardu, slapta\u017eod\u017eiu ar kitais prieigos duomenimis su kitais asmenimis.<\/li>\n\n\n\n<li><strong>Bendravimas su jumis.<\/strong>&nbsp;J\u016bs\u0173 asmens duomenis naudojame tam, kad gal\u0117tume teikti klient\u0173 aptarnavim\u0105, reaguoti \u012f j\u016bs\u0173 u\u017eklausas, teikti veiksmingas paslaugas ir palaikyti su jumis verslo santykius.<\/li>\n\n\n\n<li><strong>Teisin\u0117s prie\u017eastys.<\/strong>&nbsp;J\u016bs\u0173 asmens duomenis naudojame tam, kad laikytum\u0117m\u0117s galiojan\u010di\u0173 \u012fstatym\u0173 arba reaguotume \u012f galiojan\u010dius teisinius procesus, \u012fskaitant teis\u0117saugos ar vyriausybini\u0173 \u012fstaig\u0173 pra\u0161ymus, nagrin\u0117tume arba dalyvautume civiliniuose ie\u0161kiniuose, potencialiuose ar faktiniuose bylin\u0117jimuose ar kituose prie\u0161i\u0161kuose teisiniuose procesuose, taip pat siekdami vykdyti arba tirti galimus m\u016bs\u0173 s\u0105lyg\u0173 ar politik\u0173 pa\u017eeidimus.<\/li>\n<\/ul>\n\n\n\n<h2 class=\"wp-block-heading\">Kaip mes atskleid\u017eiame j\u016bs\u0173 asmens duomenis<\/h2>\n\n\n\n<p>Tam tikromis aplinkyb\u0117mis mes galime atskleisti j\u016bs\u0173 asmens duomenis tre\u010diosioms \u0161alims teis\u0117tais tikslais ir vadovaudamiesi \u0161ia Privatumo politika. Tokios aplinkyb\u0117s gali susiklostyti:<\/p>\n\n\n\n<ul class=\"wp-block-list\">\n<li>Su \u201eShopify\u201c, tiek\u0117jais ir kitomis tre\u010diosiomis \u0161alimis, kurios teikia paslaugas m\u016bs\u0173 vardu (pvz., atlieka IT valdymo, mok\u0117jim\u0173 vykdymo, duomen\u0173 analiz\u0117s, klient\u0173 aptarnavimo, debesijos saugykl\u0173, u\u017esakym\u0173 vykdymo ir siuntimo veiklas).<\/li>\n\n\n\n<li>Su verslo ir rinkodaros partneriais, kad gal\u0117tume teikti jums rinkodaros paslaugas ir reklamuotis. Pavyzd\u017eiui, mes naudojame \u201eShopify\u201c, kad palaikytume suasmenint\u0105 reklam\u0105 tre\u010di\u0173j\u0173 \u0161ali\u0173 paslaugose, atsi\u017evelgdami \u012f j\u016bs\u0173 veikl\u0105 internete su \u012fvairiais prekybininkais ir \u012fvairiose svetain\u0117se. M\u016bs\u0173 verslo ir rinkodaros partneriai naudos j\u016bs\u0173 informacij\u0105 vadovaudamiesi savo privatumo prane\u0161imais. Priklausomai nuo j\u016bs\u0173 gyvenamosios vietos, galite tur\u0117ti teis\u0119 nurodyti mums nebendrinti informacijos apie jus, kad rodytume jums tikslines reklamas ir rinkodaros prane\u0161imus pagal j\u016bs\u0173 veikl\u0105 internete su \u012fvairiais prekybininkais ir \u012fvairiose svetain\u0117se.<\/li>\n\n\n\n<li>Kai nurodote, pra\u0161ote arba kitaip sutinkate, kad atskleistume tam tikr\u0105 informacij\u0105 tre\u010diosioms \u0161alims, pavyzd\u017eiui, nor\u0117dami, kad i\u0161si\u0173stume jums produktus arba naudodamiesi socialini\u0173 tinkl\u0173 valdikliais ar prisijungimo integracijomis.<\/li>\n\n\n\n<li>Su m\u016bs\u0173 filialais arba kitaip m\u016bs\u0173 \u012fmoni\u0173 grup\u0117s viduje.<\/li>\n\n\n\n<li>Verslo sandori\u0173, pvz., susijungimo ar bankroto, atveju, siekdami laikytis vis\u0173 galiojan\u010di\u0173 teisini\u0173 \u012fsipareigojim\u0173 (\u012fskaitant siekdami atsakyti \u012f \u0161aukimus \u012f teism\u0105, kratos orderius ir pana\u0161ius reikalavimus), vykdyti visas galiojan\u010dias paslaug\u0173 teikimo s\u0105lygas ar politikas ir apsaugoti ar ginti Paslaugas, m\u016bs\u0173 teises ir m\u016bs\u0173 vartotoj\u0173 ar kit\u0173 asmen\u0173 teises.<\/li>\n<\/ul>\n\n\n\n<h2 class=\"wp-block-heading\">Ry\u0161ys su \u201eShopify\u201c<\/h2>\n\n\n\n<p>Paslaugos teikiamos \u201eShopify\u201c platformoje, kuri renka ir tvarko asmens duomenis apie j\u016bs\u0173 prieig\u0105 prie Paslaug\u0173 ir j\u0173 naudojim\u0105, kad gal\u0117t\u0173 teikti ir tobulinti jums Paslaugas. Informacija, kuri\u0105 pateikiate Paslaugoms, bus perduota ir bendrinama su \u201eShopify\u201c, taip pat su tre\u010diosiomis \u0161alimis, kurios gali b\u016bti \u012fsik\u016brusios kitose nei j\u016bs\u0173 gyvenamoji vieta \u0161alyse, siekiant teikti ir tobulinti jums Paslaugas. Be to, siekdami apsaugoti, pl\u0117toti ir tobulinti savo versl\u0105, naudojame tam tikras \u201eShopify\u201c patobulintas funkcijas, kurios apima duomenis ir informacij\u0105, gaut\u0105 jums s\u0105veikaujant su m\u016bs\u0173 parduotuve, kitais prekybininkais ir \u201eShopify\u201c. Siekdama teikti \u0161ias patobulintas funkcijas, \u201eShopify\u201c gali naudoti asmens duomenis, surinktus apie j\u016bs\u0173 s\u0105veik\u0105 su m\u016bs\u0173 parduotuve, kitais prekybininkais ir \u201eShopify\u201c. Tokiomis aplinkyb\u0117mis \u201eShopify\u201c yra atsakinga u\u017e j\u016bs\u0173 asmens duomen\u0173 tvarkym\u0105, \u012fskaitant atsakym\u0105 \u012f j\u016bs\u0173 pra\u0161ymus pasinaudoti savo teis\u0117mis, susijusiomis su j\u016bs\u0173 asmens duomen\u0173 naudojimu \u0161iais tikslais. Nor\u0117dami su\u017einoti daugiau apie tai, kaip \u201eShopify\u201c naudoja j\u016bs\u0173 asmens duomenis ir kokias teises galite tur\u0117ti, susipa\u017einkite su&nbsp;<a href=\"https:\/\/www.shopify.com\/legal\/privacy\/app-users\">\u201eShopify\u201c vartotoj\u0173 privatumo politika<\/a>&nbsp;. Priklausomai nuo to, kur gyvenate, galite pasinaudoti tam tikromis teis\u0117mis, susijusiomis su j\u016bs\u0173 asmens duomenimis \u010dia&nbsp;<a href=\"https:\/\/privacy.shopify.com\/en\">\u201eShopify\u201c privatumo portalo nuoroda<\/a>.<\/p>\n\n\n\n<h2 class=\"wp-block-heading\">Tre\u010di\u0173j\u0173 \u0161ali\u0173 svetain\u0117s ir nuorodos<\/h2>\n\n\n\n<p>Paslaugos gali teikti nuorodas \u012f tre\u010di\u0173j\u0173 \u0161ali\u0173 valdomas svetaines ar kitas internetines platformas. Naudodamiesi nuorodomis \u012f svetaines, su kuriomis mes nesusij\u0119 ar kuri\u0173 mes nevaldome, tur\u0117tum\u0117te per\u017ei\u016br\u0117ti j\u0173 privatumo ir saugumo politikas bei kitas s\u0105lygas. Mes negarantuojame ir neatsakome u\u017e toki\u0173 svetaini\u0173 privatum\u0105 ar saugum\u0105, \u012fskaitant jose esan\u010dios informacijos tikslum\u0105, i\u0161samum\u0105 ar patikimum\u0105. Informacija, kuri\u0105 pateikiate vie\u0161ose arba pusiau vie\u0161ose vietose, \u012fskaitant informacij\u0105, kuria dalijat\u0117s tre\u010di\u0173j\u0173 \u0161ali\u0173 socialini\u0173 tinkl\u0173 platformose, taip pat gali b\u016bti matoma kitiems Paslaug\u0173 ir (arba) atitinkam\u0173 tre\u010di\u0173j\u0173 \u0161ali\u0173 platform\u0173 naudotojams, neapsiribojant m\u016bs\u0173 ar tre\u010di\u0173j\u0173 \u0161ali\u0173 naudojimo. \u012etraukdami tokias nuorodas savaime nenurodome ir nesudarome prielaid\u0173, kad pritariame toki\u0173 platform\u0173 turiniui ar j\u0173 savininkams ar valdytojams, i\u0161skyrus atvejus, kai tai nurodyta Paslaugose.<\/p>\n\n\n\n<h2 class=\"wp-block-heading\">Vaik\u0173 duomenys<\/h2>\n\n\n\n<p>Paslaugos n\u0117ra skirtos naudoti vaikams ir mes s\u0105moningai nerenkame joki\u0173 asmens duomen\u0173 apie vaikus, kurie n\u0117ra sulauk\u0119 pilnametyst\u0117s j\u016bs\u0173 jurisdikcijoje. Jei esate vaiko, kuris mums pateik\u0117 savo asmens duomenis, vienas t\u0117v\u0173 arba glob\u0117j\u0173, galite susisiekti su mumis naudodamiesi toliau pateikta kontaktine informacija ir papra\u0161yti j\u0105 i\u0161trinti. \u0160ios Privatumo politikos \u012fsigaliojimo dien\u0105 mes neturime faktini\u0173 \u017eini\u0173, kad \u201edalijam\u0117s\u201c ar \u201eparduodame\u201c (kaip \u0161ios s\u0105vokos apibr\u0117\u017etos taikomuose \u012fstatymuose) asmen\u0173, jaunesni\u0173 nei 16 met\u0173, asmens duomenis.<\/p>\n\n\n\n<h2 class=\"wp-block-heading\">J\u016bs\u0173 duomen\u0173 saugumas ir laikymas<\/h2>\n\n\n\n<p>Atkreipkite d\u0117mes\u012f, kad n\u0117ra tobul\u0173 ar ne\u012fveikiam\u0173 saugumo priemoni\u0173, tod\u0117l mes negalime garantuoti \u201etobulo saugumo\u201c. Be to, bet kokia j\u016bs\u0173 mums atsi\u0173sta informacija gali tapti nesaugi perdavimo metu. Rekomenduojame nenaudoti nesaugi\u0173 kanal\u0173, norint perduoti mums neskelbtin\u0105 ar konfidenciali\u0105 informacij\u0105.<\/p>\n\n\n\n<p>J\u016bs\u0173 asmens duomen\u0173 saugojimo laikotarpis, priklauso nuo \u012fvairi\u0173 veiksni\u0173, pavyzd\u017eiui, ar mums reikia informacijos, kad gal\u0117tume tvarkyti j\u016bs\u0173 paskyr\u0105, teikti jums Paslaugas, laikytis teisini\u0173 \u012fsipareigojim\u0173, spr\u0119sti gin\u010dus ar \u012fgyvendinant kitas taikomas sutartis ir politikas.<\/p>\n\n\n\n<h2 class=\"wp-block-heading\">J\u016bs\u0173 teis\u0117s ir pasirinkimai<\/h2>\n\n\n\n<p>Priklausomai nuo j\u016bs\u0173 gyvenamosios vietos, galite tur\u0117ti kai kurias arba visas toliau i\u0161vardytas teises, susijusias su j\u016bs\u0173 asmens duomenimis. Ta\u010diau \u0161ios teis\u0117s n\u0117ra absoliu\u010dios ir gali b\u016bti taikomos tik tam tikromis aplinkyb\u0117mis, o tam tikrais atvejais mes galime atmesti j\u016bs\u0173 pra\u0161ym\u0105, jei tai leid\u017eia \u012fstatymai.<\/p>\n\n\n\n<ul class=\"wp-block-list\">\n<li><strong>Teis\u0117 susipa\u017einti su duomenimis \/ \u017einoti.<\/strong>&nbsp;Galite tur\u0117ti teis\u0119 pra\u0161yti prieigos prie j\u016bs\u0173 asmens duomen\u0173, kuriuos mes saugome.<\/li>\n\n\n\n<li><strong>Teis\u0117 i\u0161trinti.<\/strong>&nbsp;Galite tur\u0117ti teis\u0119 pra\u0161yti, kad i\u0161trintume j\u016bs\u0173 asmens duomenis, kuriuos mes saugome.<\/li>\n\n\n\n<li><strong>Teis\u0117 \u012f taisym\u0105.<\/strong>&nbsp;Galite tur\u0117ti teis\u0119 pra\u0161yti, kad i\u0161taisytume j\u016bs\u0173 asmens duomenis, kuriuos mes saugome, netikslumus.<\/li>\n\n\n\n<li><strong>Teis\u0117 \u012f duomen\u0173 perkeliamum\u0105<\/strong>&nbsp;Tam tikromis aplinkyb\u0117mis ir su tam tikromis i\u0161imtimis galite tur\u0117ti teis\u0119 gauti j\u016bs\u0173 asmens duomen\u0173, kuriuos mes turime, kopij\u0105 ir pra\u0161yti, kad perduotume j\u0105 tre\u010diajai \u0161aliai.<\/li>\n\n\n\n<li><strong>Komunikacijos nuostat\u0173 valdymas.<\/strong>&nbsp;Mes galime jums si\u0173sti reklaminius el. lai\u0161kus, o j\u016bs galite bet kada atsisakyti j\u0173 gavimo, pasinaudodami m\u016bs\u0173 el. lai\u0161kuose pateikiama prenumeratos atsisakymo parinktimi. Jei atsisakysite, vis tiek galime si\u0173sti jums nereklaminius el. lai\u0161kus, pavyzd\u017eiui, apie j\u016bs\u0173 paskyr\u0105 ar atliktus u\u017esakymus.<\/li>\n<\/ul>\n\n\n\n<p><strong>Jei gyvenate Jungtin\u0117je Karalyst\u0117je arba Europos ekonomin\u0117je erdv\u0117je,<\/strong>&nbsp;ir atsi\u017evelgiant \u012f vietos \u012fstatym\u0173 numatytas i\u0161imtis bei apribojimus, be auk\u0161\u010diau nurodyt\u0173 teisi\u0173 galite naudotis \u0161iomis teis\u0117mis:<\/p>\n\n\n\n<ul class=\"wp-block-list\">\n<li><strong>Prie\u0161taravimas d\u0117l informacijos tvarkymo ir tvarkymo apribojimas:<\/strong>&nbsp;Galite tur\u0117ti teis\u0119 papra\u0161yti m\u016bs\u0173 sustabdyti arba apriboti asmens duomen\u0173 tvarkym\u0105 tam tikrais tikslais.<\/li>\n\n\n\n<li><strong>Sutikimo atsi\u0117mimas:<\/strong>&nbsp;Kai j\u016bs\u0173 asmens duomenis tvarkome remdamiesi j\u016bs\u0173 sutikimu, turite teis\u0119 \u0161\u012f sutikim\u0105 atsiimti. Jei atsiimsite savo sutikim\u0105, tai netur\u0117s \u012ftakos jokiam informacijos tvarkymo, atlikto remiantis j\u016bs\u0173 sutikimu iki jo at\u0161aukimo, teis\u0117tumui.<\/li>\n<\/ul>\n\n\n\n<p>Bet kuria i\u0161 \u0161i\u0173 teisi\u0173 galite pasinaudoti ten, kur nurodyta Paslaugose, arba susisiekdami su mumis toliau pateikta kontaktine informacija. Nor\u0117dami su\u017einoti daugiau apie tai, kaip \u201eShopify\u201c naudoja j\u016bs\u0173 asmens duomenis ir visas j\u016bs\u0173 teises, \u012fskaitant tas, kurios yra susijusios su \u201eShopify\u201c tvarkomais duomenimis, galite apsilankyti adresu https:\/\/privacy.shopify.com\/en.<\/p>\n\n\n\n<p>Mes nediskriminuosime j\u016bs\u0173 u\u017e tai, kad pasinaudojote bet kuria i\u0161 \u0161i\u0173 teisi\u0173. Prie\u0161 \u012fvykdant j\u016bs\u0173 u\u017eklausas, mums gali reik\u0117ti patikrinti j\u016bs\u0173 tapatyb\u0119, kaip leid\u017eiama arba reikalaujama pagal galiojan\u010dius \u012fstatymus. Pagal galiojan\u010dius \u012fstatymus galite paskirti \u012fgaliot\u0105j\u012f atstov\u0105, kuris j\u016bs\u0173 vardu pateikt\u0173 pra\u0161ymus d\u0117l pasinaudojimo j\u016bs\u0173 teis\u0117mis. Prie\u0161 priimdami tok\u012f atstovo pra\u0161ym\u0105, pareikalausime, kad atstovas pateikt\u0173 \u012frodym\u0105, jog j\u016bs \u012fgaliojote j\u012f veikti j\u016bs\u0173 vardu, ir galime papra\u0161yti j\u016bs\u0173 patvirtinti savo tapatyb\u0119 tiesiogiai mums. \u012e j\u016bs\u0173 pra\u0161ym\u0105 atsakysime laiku, kaip reikalaujama pagal galiojan\u010dius \u012fstatymus.<\/p>\n\n\n\n<h2 class=\"wp-block-heading\">Skundai<\/h2>\n\n\n\n<p>Jei turite nusiskundim\u0173 d\u0117l to, kaip tvarkome j\u016bs\u0173 asmens duomenis, susisiekite su mumis toliau pateikta kontaktine informacija. Priklausomai nuo j\u016bs\u0173 gyvenamosios vietos, galite tur\u0117ti teis\u0119 apsk\u0173sti m\u016bs\u0173 sprendim\u0105 susisiekdami su mumis toliau pateikta kontaktine informacija arba pateikti skund\u0105 savo vietos duomen\u0173 apsaugos institucijai. Jei priklausote EEE, galite rasti atsaking\u0173 duomen\u0173 apsaugos prie\u017ei\u016bros institucij\u0173 s\u0105ra\u0161\u0105&nbsp;<a href=\"https:\/\/edpb.europa.eu\/about-edpb\/about-edpb\/members\">\u010dia<\/a>.<\/p>\n\n\n\n<h2 class=\"wp-block-heading\">Tarptautiniai perdavimai<\/h2>\n\n\n\n<p>Atkreipkite d\u0117mes\u012f, kad mes galime perduoti, saugoti ir tvarkyti j\u016bs\u0173 asmens duomenis u\u017e j\u016bs\u0173 gyvenamosios \u0161alies rib\u0173.<\/p>\n\n\n\n<p>Jei perduosime j\u016bs\u0173 asmens duomenis i\u0161 Europos ekonomin\u0117s erdv\u0117s arba Jungtin\u0117s Karalyst\u0117s, vadovausim\u0117s pripa\u017eintais perdavimo mechanizmais, tokiais kaip Europos Komisijos standartin\u0117s sutar\u010di\u0173 s\u0105lygos, arba bet kuriomis kitomis lygiavert\u0117mis sutartimis, kurias sudar\u0117 atitinkama JK kompetentinga institucija, nebent duomenys b\u016bt\u0173 perduodami \u012f \u0161al\u012f, kuri, kaip nustatyta, u\u017etikrina tinkam\u0105 apsaugos lyg\u012f.<\/p>\n\n\n\n<h2 class=\"wp-block-heading\">\u0160ios privatumo politikos pakeitimai<\/h2>\n\n\n\n<p>\u0160i\u0105 privatumo politik\u0105 galime kartas nuo karto atnaujinti, \u012fskaitant tam, kad ji atspind\u0117t\u0173 m\u016bs\u0173 praktik\u0173 pakeitimus arba d\u0117l kit\u0173 veiklos, teisini\u0173 ar reguliavimo prie\u017eas\u010di\u0173. \u0160ioje svetain\u0117je paskelbsime atnaujint\u0105 Privatumo politik\u0105, atnaujinsime dat\u0105 \u201ePaskutin\u012f kart\u0105 atnaujinta\u201c ir pateiksime prane\u0161im\u0105, kaip reikalaujama pagal galiojan\u010dius \u012fstatymus.<\/p>\n\n\n\n<h2 class=\"wp-block-heading\">Kontaktin\u0117 informacija<\/h2>\n\n\n\n<p>Jei turite klausim\u0173 apie m\u016bs\u0173 privatumo praktikas ar \u0161i\u0105 Privatumo politik\u0105 arba nor\u0117tum\u0117te pasinaudoti bet kuria i\u0161 jums prieinam\u0173 teisi\u0173, skambinkite, ra\u0161ykite mums el. pa\u0161tu adresu info@ayua.shop arba susisiekite su mumis adresuValdemaro \u010carneckio g. 114, Vilnius, 11305, LT Laikantis galiojan\u010di\u0173 duomen\u0173 apsaugos \u012fstatym\u0173, mes esame j\u016bs\u0173 asmens duomen\u0173 valdytojas.<\/p>\n","protected":false},"excerpt":{"rendered":"<p>AYU\u00c4 Privatumo politika Paskutin\u012f kart\u0105 atnaujinta: 2025 m. gruodis 11 d. AYU\u00c4 valdo \u0161i\u0105 parduotuv\u0119 ir svetain\u0119, \u012fskaitant vis\u0105 susijusi\u0105 informacij\u0105, turin\u012f, funkcijas, \u012frankius, produktus ir paslaugas, kad jums, klientui, b\u016bt\u0173 suteikta kruop\u0161\u010diai pri\u017ei\u016brima apsipirkimo patirtis (toliau \u2013 Paslaugos).AYU\u00c4 veikia su \u201eShopify\u201c, kuri leid\u017eia mums teikti jums Paslaugas. \u0160ioje Privatumo politikoje apra\u0161oma, kaip mes renkame, [&hellip;]<\/p>\n","protected":false},"author":1,"featured_media":0,"parent":0,"menu_order":0,"comment_status":"closed","ping_status":"open","template":"","meta":{"footnotes":""},"class_list":["post-3","page","type-page","status-publish","hentry"],"_links":{"self":[{"href":"https:\/\/ayua.lt\/lt\/wp-json\/wp\/v2\/pages\/3","targetHints":{"allow":["GET"]}}],"collection":[{"href":"https:\/\/ayua.lt\/lt\/wp-json\/wp\/v2\/pages"}],"about":[{"href":"https:\/\/ayua.lt\/lt\/wp-json\/wp\/v2\/types\/page"}],"author":[{"embeddable":true,"href":"https:\/\/ayua.lt\/lt\/wp-json\/wp\/v2\/users\/1"}],"replies":[{"embeddable":true,"href":"https:\/\/ayua.lt\/lt\/wp-json\/wp\/v2\/comments?post=3"}],"version-history":[{"count":6,"href":"https:\/\/ayua.lt\/lt\/wp-json\/wp\/v2\/pages\/3\/revisions"}],"predecessor-version":[{"id":95,"href":"https:\/\/ayua.lt\/lt\/wp-json\/wp\/v2\/pages\/3\/revisions\/95"}],"wp:attachment":[{"href":"https:\/\/ayua.lt\/lt\/wp-json\/wp\/v2\/media?parent=3"}],"curies":[{"name":"wp","href":"https:\/\/api.w.org\/{rel}","templated":true}]}}