{"id":80,"date":"2026-04-04T15:47:43","date_gmt":"2026-04-04T15:47:43","guid":{"rendered":"http:\/\/ayua.lt\/lt\/?page_id=80"},"modified":"2026-04-04T15:52:27","modified_gmt":"2026-04-04T15:52:27","slug":"kontaktine-informacija","status":"publish","type":"page","link":"https:\/\/ayua.lt\/lt\/kontaktine-informacija\/","title":{"rendered":"Kontaktin\u0117 informacija"},"content":{"rendered":"\n<h1 class=\"wp-block-heading\">Kontaktin\u0117 informacija<\/h1>\n\n\n\n<p>\u012emon\u0117s pavadinimas: MB Mineralus<\/p>\n\n\n\n<p>\u012emon\u0117s kodas: 306646333<\/p>\n\n\n\n<p>Telefono numeris: +37067035341<\/p>\n\n\n\n<p>El. pa\u0161tas:&nbsp;<a href=\"mailto:info@ayua.shop\">info@ayua.shop<\/a><\/p>\n\n\n\n<p>Fizinis adresas: Valdemaro \u010carneckio g. 114-2, 11305 Vilnius, Lietuva<\/p>\n","protected":false},"excerpt":{"rendered":"<p>Kontaktin\u0117 informacija \u012emon\u0117s pavadinimas: MB Mineralus \u012emon\u0117s kodas: 306646333 Telefono numeris: +37067035341 El. pa\u0161tas:&nbsp;info@ayua.shop Fizinis adresas: Valdemaro \u010carneckio g. 114-2, 11305 Vilnius, Lietuva<\/p>\n","protected":false},"author":1,"featured_media":0,"parent":0,"menu_order":0,"comment_status":"closed","ping_status":"closed","template":"","meta":{"footnotes":""},"class_list":["post-80","page","type-page","status-publish","hentry"],"_links":{"self":[{"href":"https:\/\/ayua.lt\/lt\/wp-json\/wp\/v2\/pages\/80","targetHints":{"allow":["GET"]}}],"collection":[{"href":"https:\/\/ayua.lt\/lt\/wp-json\/wp\/v2\/pages"}],"about":[{"href":"https:\/\/ayua.lt\/lt\/wp-json\/wp\/v2\/types\/page"}],"author":[{"embeddable":true,"href":"https:\/\/ayua.lt\/lt\/wp-json\/wp\/v2\/users\/1"}],"replies":[{"embeddable":true,"href":"https:\/\/ayua.lt\/lt\/wp-json\/wp\/v2\/comments?post=80"}],"version-history":[{"count":4,"href":"https:\/\/ayua.lt\/lt\/wp-json\/wp\/v2\/pages\/80\/revisions"}],"predecessor-version":[{"id":87,"href":"https:\/\/ayua.lt\/lt\/wp-json\/wp\/v2\/pages\/80\/revisions\/87"}],"wp:attachment":[{"href":"https:\/\/ayua.lt\/lt\/wp-json\/wp\/v2\/media?parent=80"}],"curies":[{"name":"wp","href":"https:\/\/api.w.org\/{rel}","templated":true}]}}