{"id":122,"date":"2026-04-10T10:11:08","date_gmt":"2026-04-10T10:11:08","guid":{"rendered":"http:\/\/ayua.lt\/?post_type=product&#038;p=122"},"modified":"2026-04-10T10:50:26","modified_gmt":"2026-04-10T10:50:26","slug":"white-tea-room-spray-90ml","status":"publish","type":"product","link":"https:\/\/ayua.lt\/lt\/product\/white-tea-room-spray-90ml\/","title":{"rendered":"White Tea kambario pur\u0161kiklis, 90 ml"},"content":{"rendered":"<p style=\"font-weight: 400;\">Gamta pilnai \u017eydi. G\u0117l\u0117s, pra\u017eystan\u010dios. Pavasaris. Met\u0173 laikas, kai gamta bunda savo spalvomis ir m\u016bs\u0173 \u0161viesiomis svajon\u0117mis. Saldus, ta\u010diau gaivus nam\u0173 kvapas u\u017epildys j\u016bs\u0173 erdv\u0119 aromatu, kuris suteiks energijos, teigiamai \u012fkveps ir pakvies jus prie \u0161iltos, i\u0161kilmingos puodelio m\u0117gstamos arbatos.<\/p>\n<p style=\"font-weight: 400;\">\u201eAYU\u00c4\u201c nam\u0173 kvapai \u2013 tai b\u016bdas suteikti savo erdvei pageidaujam\u0105 nuotaik\u0105 ir charizm\u0105, u\u017epildant kasdienyb\u0119 naujais poj\u016b\u010diais.<\/p>\n<p style=\"font-weight: 400;\"><strong>Kvap\u0173 natos<\/strong><\/p>\n<p style=\"font-weight: 400;\">Vir\u0161utin\u0117s natos:\u00a0\u00a0arbata, artemizija, citrina, apelsin\u0173 \u017eiedai, kartusis apelsinas<\/p>\n<p style=\"font-weight: 400;\">Vidurin\u0117s natos: pipirai, kardamonas, kalendra<\/p>\n<p style=\"font-weight: 400;\">Bazin\u0117s natos: muskusas, mediena, jazminas, gintaras, ro\u017e\u0117<\/p>\n","protected":false},"excerpt":{"rendered":"<p>Gamta pilnai \u017eydi. G\u0117l\u0117s, pra\u017eystan\u010dios. Pavasaris. Met\u0173 laikas, kai gamta bunda savo spalvomis ir m\u016bs\u0173 \u0161viesiomis svajon\u0117mis. Saldus, ta\u010diau gaivus nam\u0173 kvapas u\u017epildys j\u016bs\u0173 erdv\u0119 aromatu, kuris suteiks energijos, teigiamai \u012fkveps ir pakvies jus prie \u0161iltos, i\u0161kilmingos puodelio m\u0117gstamos arbatos. \u201eAYU\u00c4\u201c nam\u0173 kvapai \u2013 tai b\u016bdas suteikti savo erdvei pageidaujam\u0105 nuotaik\u0105 ir charizm\u0105, u\u017epildant kasdienyb\u0119 [&hellip;]<\/p>\n","protected":false},"featured_media":124,"comment_status":"open","ping_status":"closed","template":"","meta":[],"product_brand":[],"product_cat":[18],"product_tag":[],"class_list":{"0":"post-122","1":"product","2":"type-product","3":"status-publish","4":"has-post-thumbnail","6":"product_cat-purskiami-kvapai","8":"first","9":"instock","10":"shipping-taxable","11":"purchasable","12":"product-type-simple"},"_links":{"self":[{"href":"https:\/\/ayua.lt\/lt\/wp-json\/wp\/v2\/product\/122","targetHints":{"allow":["GET"]}}],"collection":[{"href":"https:\/\/ayua.lt\/lt\/wp-json\/wp\/v2\/product"}],"about":[{"href":"https:\/\/ayua.lt\/lt\/wp-json\/wp\/v2\/types\/product"}],"replies":[{"embeddable":true,"href":"https:\/\/ayua.lt\/lt\/wp-json\/wp\/v2\/comments?post=122"}],"wp:featuredmedia":[{"embeddable":true,"href":"https:\/\/ayua.lt\/lt\/wp-json\/wp\/v2\/media\/124"}],"wp:attachment":[{"href":"https:\/\/ayua.lt\/lt\/wp-json\/wp\/v2\/media?parent=122"}],"wp:term":[{"taxonomy":"product_brand","embeddable":true,"href":"https:\/\/ayua.lt\/lt\/wp-json\/wp\/v2\/product_brand?post=122"},{"taxonomy":"product_cat","embeddable":true,"href":"https:\/\/ayua.lt\/lt\/wp-json\/wp\/v2\/product_cat?post=122"},{"taxonomy":"product_tag","embeddable":true,"href":"https:\/\/ayua.lt\/lt\/wp-json\/wp\/v2\/product_tag?post=122"}],"curies":[{"name":"wp","href":"https:\/\/api.w.org\/{rel}","templated":true}]}}