{"id":126,"date":"2026-04-10T10:19:22","date_gmt":"2026-04-10T10:19:22","guid":{"rendered":"http:\/\/ayua.lt\/?post_type=product&#038;p=126"},"modified":"2026-04-10T10:50:18","modified_gmt":"2026-04-10T10:50:18","slug":"white-tea-candle-500g","status":"publish","type":"product","link":"https:\/\/ayua.lt\/lt\/product\/white-tea-candle-500g\/","title":{"rendered":"White Tea \u017evak\u0117, 500 g"},"content":{"rendered":"<p style=\"font-weight: 400;\">Gamta pilnai \u017eydi. G\u0117l\u0117s, pra\u017eystan\u010dios. Pavasaris. Met\u0173 laikas, kai gamta bunda savo spalvomis ir m\u016bs\u0173 \u0161viesiomis svajon\u0117mis. Saldus, ta\u010diau gaivus nam\u0173 kvapas u\u017epildys j\u016bs\u0173 erdv\u0119 aromatu, kuris suteiks energijos, teigiamai \u012fkveps ir pakvies jus prie \u0161iltos, i\u0161kilmingos puodelio m\u0117gstamos arbatos.<\/p>\n<p style=\"font-weight: 400;\">\u201eAYU\u00c4\u201c nam\u0173 kvapai \u2013 tai b\u016bdas suteikti savo erdvei pageidaujam\u0105 nuotaik\u0105 ir charizm\u0105, u\u017epildant kasdienyb\u0119 naujais poj\u016b\u010diais.<\/p>\n<p style=\"font-weight: 400;\"><strong>Kvap\u0173 natos<\/strong><\/p>\n<p style=\"font-weight: 400;\">Vir\u0161utin\u0117s natos:\u00a0\u00a0arbata, artemizija, citrina, apelsin\u0173 \u017eiedai, kartusis apelsinas<\/p>\n<p style=\"font-weight: 400;\">Vidurin\u0117s natos: pipirai, kardamonas, kalendra<\/p>\n<p style=\"font-weight: 400;\">Bazin\u0117s natos: muskusas, mediena, jazminas, gintaras, ro\u017e\u0117<\/p>\n<p style=\"font-weight: 400;\"><strong>Apie produkt\u0105<\/strong><\/p>\n<ul>\n<li style=\"font-weight: 400;\">Pagaminta i\u0161 gryno soj\u0173 pupeli\u0173 va\u0161ko, kad degt\u0173 ilgiau ir \u0161variau.<br \/>\n\u00b7 Sumai\u0161ytas su nat\u016braliais eteriniais aliejais, kad b\u016bt\u0173 rafinuotas, ilgai i\u0161liekantis aromatas.<br \/>\n\u00b7 Be\u0161vin\u0117 medvilnin\u0117 dagtis u\u017etikrina minimal\u0173 d\u016bm\u0173 kiek\u012f ir pastov\u0173 \u0161vies\u0105.<br \/>\n\u00b7 Minimalistinis dizainas, puikiai tinkantis bet kokiai erdvei.<\/li>\n<\/ul>\n<p style=\"font-weight: 400;\"><strong>\u017dvaki\u0173 prie\u017ei\u016bra ir naudojimas<\/strong><\/p>\n<ul>\n<li style=\"font-weight: 400;\">Pirm\u0105 kart\u0105 naudojant, leiskite \u017evakei degti 2\u20133 valandas, kad susidaryt\u0173 tolygus va\u0161ko sluoksnis.<br \/>\n\u00b7 Laikykite atokiai nuo skersv\u0117j\u0173, kad i\u0161vengtum\u0117te d\u016bm\u0173 ir u\u017etikrintum\u0117te pastov\u0173 degim\u0105.<br \/>\n\u00b7 Gesinkite \u0161velniai \u2013 vietoj liepsnos gesinimo naudokite gesintuv\u0105 arba dangt\u012f, kad va\u0161kas i\u0161likt\u0173 grynas.<br \/>\n\u00b7 Svarbiausia \u2013 saugumas \u2013 niekada nepalikite degan\u010dios \u017evak\u0117s be prie\u017ei\u016bros ir laikykite j\u0105 atokiau nuo vaik\u0173, namini\u0173 gyv\u016bn\u0117li\u0173 ir degi\u0173 med\u017eiag\u0173.<\/li>\n<\/ul>\n<p style=\"font-weight: 400;\">Tinkamai pri\u017ei\u016brint, j\u016bs\u0173 \u017evak\u0117 degs ilgiau, bus \u0161varesn\u0117 ir skleis piln\u0105 aromat\u0105.<\/p>\n","protected":false},"excerpt":{"rendered":"<p>Gamta pilnai \u017eydi. G\u0117l\u0117s, pra\u017eystan\u010dios. Pavasaris. Met\u0173 laikas, kai gamta bunda savo spalvomis ir m\u016bs\u0173 \u0161viesiomis svajon\u0117mis. Saldus, ta\u010diau gaivus nam\u0173 kvapas u\u017epildys j\u016bs\u0173 erdv\u0119 aromatu, kuris suteiks energijos, teigiamai \u012fkveps ir pakvies jus prie \u0161iltos, i\u0161kilmingos puodelio m\u0117gstamos arbatos. \u201eAYU\u00c4\u201c nam\u0173 kvapai \u2013 tai b\u016bdas suteikti savo erdvei pageidaujam\u0105 nuotaik\u0105 ir charizm\u0105, u\u017epildant kasdienyb\u0119 [&hellip;]<\/p>\n","protected":false},"featured_media":127,"comment_status":"open","ping_status":"closed","template":"","meta":[],"product_brand":[],"product_cat":[20],"product_tag":[],"class_list":{"0":"post-126","1":"product","2":"type-product","3":"status-publish","4":"has-post-thumbnail","6":"product_cat-candles","8":"first","9":"instock","10":"shipping-taxable","11":"purchasable","12":"product-type-simple"},"_links":{"self":[{"href":"https:\/\/ayua.lt\/lt\/wp-json\/wp\/v2\/product\/126","targetHints":{"allow":["GET"]}}],"collection":[{"href":"https:\/\/ayua.lt\/lt\/wp-json\/wp\/v2\/product"}],"about":[{"href":"https:\/\/ayua.lt\/lt\/wp-json\/wp\/v2\/types\/product"}],"replies":[{"embeddable":true,"href":"https:\/\/ayua.lt\/lt\/wp-json\/wp\/v2\/comments?post=126"}],"wp:featuredmedia":[{"embeddable":true,"href":"https:\/\/ayua.lt\/lt\/wp-json\/wp\/v2\/media\/127"}],"wp:attachment":[{"href":"https:\/\/ayua.lt\/lt\/wp-json\/wp\/v2\/media?parent=126"}],"wp:term":[{"taxonomy":"product_brand","embeddable":true,"href":"https:\/\/ayua.lt\/lt\/wp-json\/wp\/v2\/product_brand?post=126"},{"taxonomy":"product_cat","embeddable":true,"href":"https:\/\/ayua.lt\/lt\/wp-json\/wp\/v2\/product_cat?post=126"},{"taxonomy":"product_tag","embeddable":true,"href":"https:\/\/ayua.lt\/lt\/wp-json\/wp\/v2\/product_tag?post=126"}],"curies":[{"name":"wp","href":"https:\/\/api.w.org\/{rel}","templated":true}]}}