{"id":131,"date":"2026-04-10T10:22:18","date_gmt":"2026-04-10T10:22:18","guid":{"rendered":"http:\/\/ayua.lt\/lt\/?post_type=product&#038;p=131"},"modified":"2026-04-10T10:50:10","modified_gmt":"2026-04-10T10:50:10","slug":"shangri-la-kambario-purskiklis-90-ml","status":"publish","type":"product","link":"https:\/\/ayua.lt\/lt\/product\/shangri-la-kambario-purskiklis-90-ml\/","title":{"rendered":"\u201eShangri-La\u201c kambario pur\u0161kiklis, 90 ml"},"content":{"rendered":"<p>Akimirka, kai saul\u0117s \u0161viesa prasiskverbia pro fig\u0173 lapus, o laikas sul\u0117t\u0117ja, leisdamas \u012fkv\u0117pti \u017eem\u0117s saldumo. Tylus eukalipto o\u0161imas pa\u017eadina ai\u0161kum\u0105, o bugienio \u0161nab\u017edesys skleid\u017eia vis\u017eali\u0173 j\u0117g\u0173. Po visu tuo \u0161iltas muskusas ir ambra skleid\u017eiasi tarsi paslaptis, saugoma arti odos \u2013 \u0161velni, ilgai i\u0161liekanti, nepamir\u0161tama. \u0160is nam\u0173 kvapas \u2013 tai \u0161velnus poj\u016b\u010di\u0173 pa\u017eadinimas, kur ramyb\u0117 susitinka su tro\u0161kimu, o gamtos gelm\u0117 apgaubia j\u016bs\u0173 erdv\u0119.<\/p>\n<p>\u201eAYU\u00c4\u201c nam\u0173 kvapai \u2013 tai b\u016bdas suteikti savo erdvei pageidaujam\u0105 nuotaik\u0105 ir charizm\u0105, u\u017epildant kasdienyb\u0119 naujais poj\u016b\u010diais.<\/p>\n<p><strong>Kvap\u0173 natos<\/strong><\/p>\n<p>Vir\u0161utin\u0117s natos: figos, vanil\u0117<\/p>\n<p>Vidurin\u0117s natos: eukaliptas, bugis<\/p>\n<p>Bazin\u0117s natos:\u00a0muskusas, ambra<\/p>\n","protected":false},"excerpt":{"rendered":"<p>Akimirka, kai saul\u0117s \u0161viesa prasiskverbia pro fig\u0173 lapus, o laikas sul\u0117t\u0117ja, leisdamas \u012fkv\u0117pti \u017eem\u0117s saldumo. Tylus eukalipto o\u0161imas pa\u017eadina ai\u0161kum\u0105, o bugienio \u0161nab\u017edesys skleid\u017eia vis\u017eali\u0173 j\u0117g\u0173. Po visu tuo \u0161iltas muskusas ir ambra skleid\u017eiasi tarsi paslaptis, saugoma arti odos \u2013 \u0161velni, ilgai i\u0161liekanti, nepamir\u0161tama. \u0160is nam\u0173 kvapas \u2013 tai \u0161velnus poj\u016b\u010di\u0173 pa\u017eadinimas, kur ramyb\u0117 susitinka [&hellip;]<\/p>\n","protected":false},"featured_media":132,"comment_status":"open","ping_status":"closed","template":"","meta":[],"product_brand":[],"product_cat":[18],"product_tag":[],"class_list":{"0":"post-131","1":"product","2":"type-product","3":"status-publish","4":"has-post-thumbnail","6":"product_cat-purskiami-kvapai","8":"first","9":"instock","10":"shipping-taxable","11":"purchasable","12":"product-type-simple"},"_links":{"self":[{"href":"https:\/\/ayua.lt\/lt\/wp-json\/wp\/v2\/product\/131","targetHints":{"allow":["GET"]}}],"collection":[{"href":"https:\/\/ayua.lt\/lt\/wp-json\/wp\/v2\/product"}],"about":[{"href":"https:\/\/ayua.lt\/lt\/wp-json\/wp\/v2\/types\/product"}],"replies":[{"embeddable":true,"href":"https:\/\/ayua.lt\/lt\/wp-json\/wp\/v2\/comments?post=131"}],"wp:featuredmedia":[{"embeddable":true,"href":"https:\/\/ayua.lt\/lt\/wp-json\/wp\/v2\/media\/132"}],"wp:attachment":[{"href":"https:\/\/ayua.lt\/lt\/wp-json\/wp\/v2\/media?parent=131"}],"wp:term":[{"taxonomy":"product_brand","embeddable":true,"href":"https:\/\/ayua.lt\/lt\/wp-json\/wp\/v2\/product_brand?post=131"},{"taxonomy":"product_cat","embeddable":true,"href":"https:\/\/ayua.lt\/lt\/wp-json\/wp\/v2\/product_cat?post=131"},{"taxonomy":"product_tag","embeddable":true,"href":"https:\/\/ayua.lt\/lt\/wp-json\/wp\/v2\/product_tag?post=131"}],"curies":[{"name":"wp","href":"https:\/\/api.w.org\/{rel}","templated":true}]}}