{"id":139,"date":"2026-04-10T10:31:34","date_gmt":"2026-04-10T10:31:34","guid":{"rendered":"http:\/\/ayua.lt\/lt\/?post_type=product&#038;p=139"},"modified":"2026-04-10T10:49:53","modified_gmt":"2026-04-10T10:49:53","slug":"pear-freesia-kambario-purskiklis-90-ml","status":"publish","type":"product","link":"https:\/\/ayua.lt\/lt\/product\/pear-freesia-kambario-purskiklis-90-ml\/","title":{"rendered":"Pear &#038; Freesia kambario pur\u0161kiklis, 90 ml"},"content":{"rendered":"<p style=\"font-weight: 400;\">\u0160vytintis aromatas, kuriame sultinga kriau\u0161\u0117 ir melionas dera su lengva frezij\u0173 ir ro\u017ei\u0173 elegancija. Muskusas, pa\u010diuliai, rabarbarai ir gintaras sudaro rafinuot\u0105 pagrind\u0105, subalansuojant\u012f saldum\u0105 su subtiliu gyliu. Nesenstanti g\u0117li\u0173 ir vaisi\u0173 \u017evak\u0117, kuri bet kok\u012f kambar\u012f praskaidrins gaivumu ir grak\u0161tumu.<\/p>\n<p style=\"font-weight: 400;\">\u201eAYU\u00c4\u201c nam\u0173 kvapai \u2013 tai b\u016bdas suteikti savo erdvei pageidaujam\u0105 nuotaik\u0105 ir charizm\u0105, u\u017epildant kasdienyb\u0119 naujais poj\u016b\u010diais.<\/p>\n<p style=\"font-weight: 400;\"><strong>Kvap\u0173 natos<\/strong><\/p>\n<p style=\"font-weight: 400;\">Vir\u0161utin\u0117s natos: kriau\u0161\u0117, melionas<\/p>\n<p style=\"font-weight: 400;\">Vidurin\u0117s natos: frezija, ro\u017e\u0117<\/p>\n<p style=\"font-weight: 400;\">Bazin\u0117s natos: muskusas, pa\u010diulis, rabarbaras, gintaras<\/p>\n","protected":false},"excerpt":{"rendered":"<p>\u0160vytintis aromatas, kuriame sultinga kriau\u0161\u0117 ir melionas dera su lengva frezij\u0173 ir ro\u017ei\u0173 elegancija. Muskusas, pa\u010diuliai, rabarbarai ir gintaras sudaro rafinuot\u0105 pagrind\u0105, subalansuojant\u012f saldum\u0105 su subtiliu gyliu. Nesenstanti g\u0117li\u0173 ir vaisi\u0173 \u017evak\u0117, kuri bet kok\u012f kambar\u012f praskaidrins gaivumu ir grak\u0161tumu. \u201eAYU\u00c4\u201c nam\u0173 kvapai \u2013 tai b\u016bdas suteikti savo erdvei pageidaujam\u0105 nuotaik\u0105 ir charizm\u0105, u\u017epildant kasdienyb\u0119 [&hellip;]<\/p>\n","protected":false},"featured_media":142,"comment_status":"open","ping_status":"closed","template":"","meta":[],"product_brand":[],"product_cat":[18],"product_tag":[],"class_list":{"0":"post-139","1":"product","2":"type-product","3":"status-publish","4":"has-post-thumbnail","6":"product_cat-purskiami-kvapai","8":"first","9":"instock","10":"shipping-taxable","11":"purchasable","12":"product-type-simple"},"_links":{"self":[{"href":"https:\/\/ayua.lt\/lt\/wp-json\/wp\/v2\/product\/139","targetHints":{"allow":["GET"]}}],"collection":[{"href":"https:\/\/ayua.lt\/lt\/wp-json\/wp\/v2\/product"}],"about":[{"href":"https:\/\/ayua.lt\/lt\/wp-json\/wp\/v2\/types\/product"}],"replies":[{"embeddable":true,"href":"https:\/\/ayua.lt\/lt\/wp-json\/wp\/v2\/comments?post=139"}],"wp:featuredmedia":[{"embeddable":true,"href":"https:\/\/ayua.lt\/lt\/wp-json\/wp\/v2\/media\/142"}],"wp:attachment":[{"href":"https:\/\/ayua.lt\/lt\/wp-json\/wp\/v2\/media?parent=139"}],"wp:term":[{"taxonomy":"product_brand","embeddable":true,"href":"https:\/\/ayua.lt\/lt\/wp-json\/wp\/v2\/product_brand?post=139"},{"taxonomy":"product_cat","embeddable":true,"href":"https:\/\/ayua.lt\/lt\/wp-json\/wp\/v2\/product_cat?post=139"},{"taxonomy":"product_tag","embeddable":true,"href":"https:\/\/ayua.lt\/lt\/wp-json\/wp\/v2\/product_tag?post=139"}],"curies":[{"name":"wp","href":"https:\/\/api.w.org\/{rel}","templated":true}]}}