{"id":152,"date":"2026-04-10T10:40:56","date_gmt":"2026-04-10T10:40:56","guid":{"rendered":"http:\/\/ayua.lt\/?post_type=product&#038;p=152"},"modified":"2026-04-10T10:49:05","modified_gmt":"2026-04-10T10:49:05","slug":"orchard-room-spray-90ml","status":"publish","type":"product","link":"https:\/\/ayua.lt\/lt\/product\/orchard-room-spray-90ml\/","title":{"rendered":"Orchard kambario pur\u0161kiklis, 90 ml"},"content":{"rendered":"<p style=\"font-weight: 400;\">Sald\u017eios minut\u0117s, kai \u017einai, kad kiekvienas pasaulio adatos br\u016bk\u0161tel\u0117jimas priklauso tau. Ramyb\u0117, kai \u017einoji, kad esi apsuptas gamtos harmonijos ir jausming\u0173 g\u0117li\u0173 kvap\u0173. \u0160is nam\u0173 kvapas su vanil\u0117s, migdol\u0173, sandalmed\u017eio ir g\u0117li\u0173 natomis pakvies tave \u012f pirm\u0105j\u012f pasimatym\u0105. Pirmas bu\u010dinys, pirmoji puok\u0161t\u0117, pirmoji naktis. Nedvejok, laikas leistis \u012f jausming\u0105 nuotyk\u012f.<\/p>\n<p style=\"font-weight: 400;\">\u201eAYU\u00c4\u201c nam\u0173 kvapai \u2013 tai b\u016bdas suteikti savo erdvei pageidaujam\u0105 nuotaik\u0105 ir charizm\u0105, u\u017epildant kasdienyb\u0119 naujais poj\u016b\u010diais.<\/p>\n<p style=\"font-weight: 400;\">\n<p style=\"font-weight: 400;\"><strong>Kvap\u0173 natos<\/strong><\/p>\n<p style=\"font-weight: 400;\">Vir\u0161utin\u0117s natos: magnolija, nerolis, oleandras<\/p>\n<p style=\"font-weight: 400;\">Vidurin\u0117s natos: kokosas, kiau\u0161inis, kvapnioji kananga<\/p>\n<p style=\"font-weight: 400;\">Bazin\u0117s natos:\u00a0vanil\u0117, migdolai, sandalmedis<\/p>\n","protected":false},"excerpt":{"rendered":"<p>Sald\u017eios minut\u0117s, kai \u017einai, kad kiekvienas pasaulio adatos br\u016bk\u0161tel\u0117jimas priklauso tau. Ramyb\u0117, kai \u017einoji, kad esi apsuptas gamtos harmonijos ir jausming\u0173 g\u0117li\u0173 kvap\u0173. \u0160is nam\u0173 kvapas su vanil\u0117s, migdol\u0173, sandalmed\u017eio ir g\u0117li\u0173 natomis pakvies tave \u012f pirm\u0105j\u012f pasimatym\u0105. Pirmas bu\u010dinys, pirmoji puok\u0161t\u0117, pirmoji naktis. Nedvejok, laikas leistis \u012f jausming\u0105 nuotyk\u012f. \u201eAYU\u00c4\u201c nam\u0173 kvapai \u2013 tai [&hellip;]<\/p>\n","protected":false},"featured_media":153,"comment_status":"open","ping_status":"closed","template":"","meta":[],"product_brand":[],"product_cat":[18],"product_tag":[],"class_list":{"0":"post-152","1":"product","2":"type-product","3":"status-publish","4":"has-post-thumbnail","6":"product_cat-purskiami-kvapai","8":"first","9":"instock","10":"shipping-taxable","11":"purchasable","12":"product-type-simple"},"_links":{"self":[{"href":"https:\/\/ayua.lt\/lt\/wp-json\/wp\/v2\/product\/152","targetHints":{"allow":["GET"]}}],"collection":[{"href":"https:\/\/ayua.lt\/lt\/wp-json\/wp\/v2\/product"}],"about":[{"href":"https:\/\/ayua.lt\/lt\/wp-json\/wp\/v2\/types\/product"}],"replies":[{"embeddable":true,"href":"https:\/\/ayua.lt\/lt\/wp-json\/wp\/v2\/comments?post=152"}],"wp:featuredmedia":[{"embeddable":true,"href":"https:\/\/ayua.lt\/lt\/wp-json\/wp\/v2\/media\/153"}],"wp:attachment":[{"href":"https:\/\/ayua.lt\/lt\/wp-json\/wp\/v2\/media?parent=152"}],"wp:term":[{"taxonomy":"product_brand","embeddable":true,"href":"https:\/\/ayua.lt\/lt\/wp-json\/wp\/v2\/product_brand?post=152"},{"taxonomy":"product_cat","embeddable":true,"href":"https:\/\/ayua.lt\/lt\/wp-json\/wp\/v2\/product_cat?post=152"},{"taxonomy":"product_tag","embeddable":true,"href":"https:\/\/ayua.lt\/lt\/wp-json\/wp\/v2\/product_tag?post=152"}],"curies":[{"name":"wp","href":"https:\/\/api.w.org\/{rel}","templated":true}]}}