{"id":162,"date":"2026-04-10T10:51:26","date_gmt":"2026-04-10T10:51:26","guid":{"rendered":"http:\/\/ayua.lt\/?post_type=product&#038;p=162"},"modified":"2026-04-10T10:53:58","modified_gmt":"2026-04-10T10:53:58","slug":"nectar-petal-room-spray-90ml","status":"publish","type":"product","link":"https:\/\/ayua.lt\/lt\/product\/nectar-petal-room-spray-90ml\/","title":{"rendered":"Nectar Petal kambario pur\u0161kiklis, 90 ml"},"content":{"rendered":"<p style=\"font-weight: 400;\">Nam\u0173 kvapas, kuriame sodr\u016bs konjako, ka\u0161tono, sandalmed\u017eio ir gintaro poj\u016b\u010diai susilieja su subtiliais vanil\u0117s ir g\u0117li\u0173 aromatais, sukurdami prie\u0161ingybi\u0173 harmonij\u0105. \u0160is aromatas tinka tiems, kurie nori \u0161varos ir gaivumo poj\u016b\u010dio su paslapties prieskoniu.<\/p>\n<p style=\"font-weight: 400;\">\u201eAYU\u00c4\u201c\u00a0nam\u0173 kvapai \u2013 tai b\u016bdas suteikti j\u016bs\u0173 erdvei pageidaujam\u0105 nuotaik\u0105 ir charizm\u0105, u\u017epildant kasdienyb\u0119 naujais poj\u016b\u010diais.<\/p>\n<p style=\"font-weight: 400;\"><strong>Kvap\u0173 natos<\/strong><\/p>\n<p style=\"font-weight: 400;\">Vir\u0161utin\u0117s natos: konjakas, da\u017eyta mediena, bergamot\u0117<\/p>\n<p style=\"font-weight: 400;\">Vidurin\u0117s natos: orchid\u0117jos, jazminai, \u017eibut\u0117s<\/p>\n<p style=\"font-weight: 400;\">Bazin\u0117s natos: cukruoti ka\u0161tonai, vanil\u0117, sandalmedis, gintaras<\/p>\n","protected":false},"excerpt":{"rendered":"<p>Nam\u0173 kvapas, kuriame sodr\u016bs konjako, ka\u0161tono, sandalmed\u017eio ir gintaro poj\u016b\u010diai susilieja su subtiliais vanil\u0117s ir g\u0117li\u0173 aromatais, sukurdami prie\u0161ingybi\u0173 harmonij\u0105. \u0160is aromatas tinka tiems, kurie nori \u0161varos ir gaivumo poj\u016b\u010dio su paslapties prieskoniu. \u201eAYU\u00c4\u201c\u00a0nam\u0173 kvapai \u2013 tai b\u016bdas suteikti j\u016bs\u0173 erdvei pageidaujam\u0105 nuotaik\u0105 ir charizm\u0105, u\u017epildant kasdienyb\u0119 naujais poj\u016b\u010diais. Kvap\u0173 natos Vir\u0161utin\u0117s natos: konjakas, da\u017eyta [&hellip;]<\/p>\n","protected":false},"featured_media":165,"comment_status":"open","ping_status":"closed","template":"","meta":[],"product_brand":[],"product_cat":[18],"product_tag":[],"class_list":{"0":"post-162","1":"product","2":"type-product","3":"status-publish","4":"has-post-thumbnail","6":"product_cat-purskiami-kvapai","8":"first","9":"instock","10":"shipping-taxable","11":"purchasable","12":"product-type-simple"},"_links":{"self":[{"href":"https:\/\/ayua.lt\/lt\/wp-json\/wp\/v2\/product\/162","targetHints":{"allow":["GET"]}}],"collection":[{"href":"https:\/\/ayua.lt\/lt\/wp-json\/wp\/v2\/product"}],"about":[{"href":"https:\/\/ayua.lt\/lt\/wp-json\/wp\/v2\/types\/product"}],"replies":[{"embeddable":true,"href":"https:\/\/ayua.lt\/lt\/wp-json\/wp\/v2\/comments?post=162"}],"wp:featuredmedia":[{"embeddable":true,"href":"https:\/\/ayua.lt\/lt\/wp-json\/wp\/v2\/media\/165"}],"wp:attachment":[{"href":"https:\/\/ayua.lt\/lt\/wp-json\/wp\/v2\/media?parent=162"}],"wp:term":[{"taxonomy":"product_brand","embeddable":true,"href":"https:\/\/ayua.lt\/lt\/wp-json\/wp\/v2\/product_brand?post=162"},{"taxonomy":"product_cat","embeddable":true,"href":"https:\/\/ayua.lt\/lt\/wp-json\/wp\/v2\/product_cat?post=162"},{"taxonomy":"product_tag","embeddable":true,"href":"https:\/\/ayua.lt\/lt\/wp-json\/wp\/v2\/product_tag?post=162"}],"curies":[{"name":"wp","href":"https:\/\/api.w.org\/{rel}","templated":true}]}}