{"id":193,"date":"2026-04-10T11:34:41","date_gmt":"2026-04-10T11:34:41","guid":{"rendered":"http:\/\/ayua.lt\/?post_type=product&#038;p=193"},"modified":"2026-04-10T11:36:17","modified_gmt":"2026-04-10T11:36:17","slug":"clean-slate-200ml","status":"publish","type":"product","link":"https:\/\/ayua.lt\/lt\/product\/clean-slate-200ml\/","title":{"rendered":"Clean slate nam\u0173 kvapas, 200ml"},"content":{"rendered":"<p style=\"font-weight: 400;\">Tas jausmas, kai viskas prasideda nuo balto lapo. Min\u010di\u0173 lengvumas, ne\u0161amas gaivaus kaln\u0173 v\u0117jelio. \u010cia ir dabar.<\/p>\n<p style=\"font-weight: 400;\">\u0160is aromatas \u2013 tai tvarkos, ai\u0161kumo ir gaivumo pli\u016bpsnis. Tarsi viskas b\u016bt\u0173 taip, kaip ir tur\u0117t\u0173 b\u016bti, jis suteikia ramyb\u0119 ir tuo pa\u010diu \u012fkvepia ry\u017eto. Tobula pusiausvyra.<\/p>\n<p style=\"font-weight: 400;\">\u201eAYU\u00c4\u201c nam\u0173 kvapai \u2013 tai b\u016bdas suteikti j\u016bs\u0173 erdvei pageidaujam\u0105 nuotaik\u0105 ir charizm\u0105, u\u017epildant kasdienyb\u0119 naujais poj\u016b\u010diais.<\/p>\n<p style=\"font-weight: 400;\">\n<p style=\"font-weight: 400;\"><strong>Kvap\u0173 natos<\/strong><\/p>\n<p style=\"font-weight: 400;\">Vir\u0161utin\u0117s natos: citrina, mandarinas<\/p>\n<p style=\"font-weight: 400;\">Vidurin\u0117s natos: arbata, juodieji serbentai<\/p>\n<p style=\"font-weight: 400;\">Pagrindin\u0117s natos: muskusas, kar\u010di\u0173j\u0173 apelsin\u0173 lapai, sandalmedis, baltoji pu\u0161is<\/p>\n<p style=\"font-weight: 400;\">\n<p style=\"font-weight: 400;\"><strong>Apie produkt\u0105<\/strong><\/p>\n<ul>\n<li style=\"font-weight: 400;\">\u00a0\u201eAYU\u00c4\u201c\u00a0nam\u0173 kvapai yra ypatingi, nes juose yra\u00a0<strong>25 % eterinio aliejaus<\/strong>\u00a0\u2013\u00a0<strong>8 kartus daugiau<\/strong>\u00a0nei \u012fprastai rinkoje. \u0160tai kod\u0117l m\u016bs\u0173 nam\u0173 kvapai ilgiau nei\u0161garuoja ir u\u017epildo erdves kvapu iki\u00a0<strong>180 dien\u0173.<\/strong><\/li>\n<li style=\"font-weight: 400;\">Kaip ir auk\u0161tojoje parfumerijoje, kvapai sudaryti i\u0161 bazini\u0173, vir\u0161utini\u0173 ir vidurini\u0173 nat\u0173, tod\u0117l yra labai i\u0161rai\u0161kingi.<\/li>\n<\/ul>\n<p style=\"font-weight: 400;\">\u00a0 \u00a0 \u00a0 Eteriniuose aliejuose &#8211; tik nat\u016bral\u016bs ingredientai,\u00a0be chemini\u0173 pried\u0173 ir be alkoholio, kuris greitai i\u0161garuoja suma\u017eindamas kvapo intensyvum\u0105.<\/p>\n<ul>\n<li style=\"font-weight: 400;\">Nam\u0173 kvapas tiekiamas su\u00a0<strong>2 rinkiniais po 8 lazdeles<\/strong>\u00a0. \u012eprastam vidutinio dyd\u017eio kambariui rekomenduojama prad\u0117ti nuo 3\u20134 lazdeli\u0173. Kvapo intensyvum\u0105 galima reguliuoti tiesiog pridedant daugiau lazdeli\u0173. Papildomas lazdeli\u0173 rinkinys leis kvapams i\u0161silaikyti ilgiau, nes lazdel\u0117s ilgainiui u\u017eter\u0161iamos kambaryje cirkuliuojan\u010diomis dulk\u0117mis, taip suma\u017einant kvapo sklaid\u0105.<\/li>\n<li style=\"font-weight: 400;\">Ilgai i\u0161liekantis kvapas pagerins nuotaik\u0105 ir suteiks J\u016bs\u0173 erdvei \u017eavesio.<\/li>\n<li style=\"font-weight: 400;\">Minimalistinis, \u0161iltas ir nepretenzingas gaminio dizainas tiks bet kurioje erdv\u0117je: miegamajame, svetain\u0117je, vonios kambaryje, prie\u0161kambaryje, o gal ir biure, klinikoje ar salone.<\/li>\n<\/ul>\n","protected":false},"excerpt":{"rendered":"<p>Tas jausmas, kai viskas prasideda nuo balto lapo. Min\u010di\u0173 lengvumas, ne\u0161amas gaivaus kaln\u0173 v\u0117jelio. \u010cia ir dabar. \u0160is aromatas \u2013 tai tvarkos, ai\u0161kumo ir gaivumo pli\u016bpsnis. Tarsi viskas b\u016bt\u0173 taip, kaip ir tur\u0117t\u0173 b\u016bti, jis suteikia ramyb\u0119 ir tuo pa\u010diu \u012fkvepia ry\u017eto. Tobula pusiausvyra. \u201eAYU\u00c4\u201c nam\u0173 kvapai \u2013 tai b\u016bdas suteikti j\u016bs\u0173 erdvei pageidaujam\u0105 nuotaik\u0105 [&hellip;]<\/p>\n","protected":false},"featured_media":195,"comment_status":"open","ping_status":"closed","template":"","meta":[],"product_brand":[],"product_cat":[19],"product_tag":[],"class_list":{"0":"post-193","1":"product","2":"type-product","3":"status-publish","4":"has-post-thumbnail","6":"product_cat-namu-kvapai","8":"first","9":"instock","10":"shipping-taxable","11":"purchasable","12":"product-type-simple"},"_links":{"self":[{"href":"https:\/\/ayua.lt\/lt\/wp-json\/wp\/v2\/product\/193","targetHints":{"allow":["GET"]}}],"collection":[{"href":"https:\/\/ayua.lt\/lt\/wp-json\/wp\/v2\/product"}],"about":[{"href":"https:\/\/ayua.lt\/lt\/wp-json\/wp\/v2\/types\/product"}],"replies":[{"embeddable":true,"href":"https:\/\/ayua.lt\/lt\/wp-json\/wp\/v2\/comments?post=193"}],"wp:featuredmedia":[{"embeddable":true,"href":"https:\/\/ayua.lt\/lt\/wp-json\/wp\/v2\/media\/195"}],"wp:attachment":[{"href":"https:\/\/ayua.lt\/lt\/wp-json\/wp\/v2\/media?parent=193"}],"wp:term":[{"taxonomy":"product_brand","embeddable":true,"href":"https:\/\/ayua.lt\/lt\/wp-json\/wp\/v2\/product_brand?post=193"},{"taxonomy":"product_cat","embeddable":true,"href":"https:\/\/ayua.lt\/lt\/wp-json\/wp\/v2\/product_cat?post=193"},{"taxonomy":"product_tag","embeddable":true,"href":"https:\/\/ayua.lt\/lt\/wp-json\/wp\/v2\/product_tag?post=193"}],"curies":[{"name":"wp","href":"https:\/\/api.w.org\/{rel}","templated":true}]}}